{"id":15,"date":"2025-08-14T06:50:17","date_gmt":"2025-08-14T06:50:17","guid":{"rendered":"https:\/\/wgl-dsites.net\/verdaagro\/?page_id=15"},"modified":"2025-10-23T09:03:03","modified_gmt":"2025-10-23T09:03:03","slug":"contactanos","status":"publish","type":"page","link":"https:\/\/ropecorp.com\/zh\/contactanos\/","title":{"rendered":"\u806f\u7d61\u6211\u5011"},"content":{"rendered":"<div data-elementor-type=\"wp-page\" data-elementor-id=\"15\" class=\"elementor elementor-15\">\n\t\t\t\t<div class=\"elementor-element elementor-element-00c87c7 e-flex e-con-boxed e-con e-parent\" data-id=\"00c87c7\" data-element_type=\"container\">\n\t\t\t\t\t<div class=\"e-con-inner\">\n\t\t<div class=\"elementor-element elementor-element-e8174d4 e-con-full e-flex e-con e-child\" data-id=\"e8174d4\" data-element_type=\"container\" data-settings=\"{&quot;background_background&quot;:&quot;classic&quot;}\">\n\t\t\t\t<div class=\"elementor-element elementor-element-1600c47 button-space-around aleft elementor-widget-icon-box wgl-icon-box wgl-view-default elementor-widget elementor-widget-wgl-infobox\" data-id=\"1600c47\" data-element_type=\"widget\" data-widget_type=\"wgl-infobox.default\">\n\t\t\t\t<div class=\"elementor-widget-container\">\n\t\t\t\t\t<div class=\"wgl-infobox_bg_wrapper\"><\/div><div class=\"wgl-infobox\"><div class=\"wgl-infobox_wrapper wgl-layout-top\"><div class=\"wgl-infobox-media_wrapper\"><span class=\"media-wrapper icon-wrapper\"><span class=\"wgl-icon\" ><span class=\"icon elementor-icon\"><svg xmlns=\"http:\/\/www.w3.org\/2000\/svg\" width=\"16\" height=\"16\" fill=\"currentColor\" class=\"bi bi-envelope-at\" viewbox=\"0 0 16 16\"><path d=\"M2 2a2 2 0 0 0-2 2v8.01A2 2 0 0 0 2 14h5.5a.5.5 0 0 0 0-1H2a1 1 0 0 1-.966-.741l5.64-3.471L8 9.583l7-4.2V8.5a.5.5 0 0 0 1 0V4a2 2 0 0 0-2-2zm3.708 6.208L1 11.105V5.383zM1 4.217V4a1 1 0 0 1 1-1h12a1 1 0 0 1 1 1v.217l-7 4.2z\"><\/path><path d=\"M14.247 14.269c1.01 0 1.587-.857 1.587-2.025v-.21C15.834 10.43 14.64 9 12.52 9h-.035C10.42 9 9 10.36 9 12.432v.214C9 14.82 10.438 16 12.358 16h.044c.594 0 1.018-.074 1.237-.175v-.73c-.245.11-.673.18-1.18.18h-.044c-1.334 0-2.571-.788-2.571-2.655v-.157c0-1.657 1.058-2.724 2.64-2.724h.04c1.535 0 2.484 1.05 2.484 2.326v.118c0 .975-.324 1.39-.639 1.39-.232 0-.41-.148-.41-.42v-2.19h-.906v.569h-.03c-.084-.298-.368-.63-.954-.63-.778 0-1.259.555-1.259 1.4v.528c0 .892.49 1.434 1.26 1.434.471 0 .896-.227 1.014-.643h.043c.118.42.617.648 1.12.648m-2.453-1.588v-.227c0-.546.227-.791.573-.791.297 0 .572.192.572.708v.367c0 .573-.253.744-.564.744-.354 0-.581-.215-.581-.8Z\"><\/path><\/svg><\/span><\/span><\/span><\/div><div class=\"content_wrapper\"><div class=\"wgl-infobox-title_wrapper\"><h3 class=\"wgl-infobox_title\"><span class=\"wgl-infobox_title-idle\"><span class=\"elementor-repeater-item-e873da1\">\u8acb\u5beb\u4fe1\u7d66\u6211\u5011<\/span><\/span><\/h3><\/div><div class=\"wgl-infobox-content_wrapper\"><div class=\"wgl-infobox-content\"><p><a href=\"mailto:info@ropecorp.com\">info@ropecorp.com<\/a><\/p><\/div><\/div><div class=\"wgl-button-wrapper\"><a href=\"mailto:info@ropecorp.com\" class=\"wgl-infobox_button wgl-button  no_media\"><div class=\"button__content\"><span class=\"button__text\">\u767c\u9001\u90f5\u4ef6<\/span><\/div><\/a><\/div><\/div><\/div><\/div>\t\t\t\t<\/div>\n\t\t\t\t<\/div>\n\t\t\t\t<\/div>\n\t\t<div class=\"elementor-element elementor-element-dc4a73d e-con-full e-flex e-con e-child\" data-id=\"dc4a73d\" data-element_type=\"container\" data-settings=\"{&quot;background_background&quot;:&quot;classic&quot;}\">\n\t\t\t\t<div class=\"elementor-element elementor-element-06e6f20 button-space-around aleft elementor-widget-icon-box wgl-icon-box wgl-view-default elementor-widget elementor-widget-wgl-infobox\" data-id=\"06e6f20\" data-element_type=\"widget\" data-widget_type=\"wgl-infobox.default\">\n\t\t\t\t<div class=\"elementor-widget-container\">\n\t\t\t\t\t<div class=\"wgl-infobox_bg_wrapper\"><\/div><div class=\"wgl-infobox\"><div class=\"wgl-infobox_wrapper wgl-layout-top\"><div class=\"wgl-infobox-media_wrapper\"><span class=\"media-wrapper icon-wrapper\"><span class=\"wgl-icon\" ><span class=\"icon elementor-icon\"><svg xmlns=\"http:\/\/www.w3.org\/2000\/svg\" width=\"16\" height=\"16\" fill=\"currentColor\" class=\"bi bi-telephone-inbound\" viewbox=\"0 0 16 16\"><path d=\"M15.854.146a.5.5 0 0 1 0 .708L11.707 5H14.5a.5.5 0 0 1 0 1h-4a.5.5 0 0 1-.5-.5v-4a.5.5 0 0 1 1 0v2.793L15.146.146a.5.5 0 0 1 .708 0m-12.2 1.182a.678.678 0 0 0-1.015-.063L1.605 2.3c-.483.484-.661 1.169-.45 1.77a17.6 17.6 0 0 0 4.168 6.608 17.6 17.6 0 0 0 6.608 4.168c.601.211 1.286.033 1.77-.45l1.034-1.034a.678.678 0 0 0-.063-1.015l-2.307-1.794a.68.68 0 0 0-.58-.122l-2.19.547a1.75 1.75 0 0 1-1.657-.459L5.482 8.062a1.75 1.75 0 0 1-.46-1.657l.548-2.19a.68.68 0 0 0-.122-.58zM1.884.511a1.745 1.745 0 0 1 2.612.163L6.29 2.98c.329.423.445.974.315 1.494l-.547 2.19a.68.68 0 0 0 .178.643l2.457 2.457a.68.68 0 0 0 .644.178l2.189-.547a1.75 1.75 0 0 1 1.494.315l2.306 1.794c.829.645.905 1.87.163 2.611l-1.034 1.034c-.74.74-1.846 1.065-2.877.702a18.6 18.6 0 0 1-7.01-4.42 18.6 18.6 0 0 1-4.42-7.009c-.362-1.03-.037-2.137.703-2.877z\"><\/path><\/svg><\/span><\/span><\/span><\/div><div class=\"content_wrapper\"><div class=\"wgl-infobox-title_wrapper\"><h3 class=\"wgl-infobox_title\"><span class=\"wgl-infobox_title-idle\"><span class=\"elementor-repeater-item-e873da1\">\u81f4\u96fb\u6211\u5011:<\/span><\/span><\/h3><\/div><div class=\"wgl-infobox-content_wrapper\"><div class=\"wgl-infobox-content\"><p><a href=\"tel:+502 2326 2000\">+502 2326 2000<\/a><\/p><\/div><\/div><div class=\"wgl-button-wrapper\"><a href=\"tel:+502%202326%202000\" class=\"wgl-infobox_button wgl-button  no_media\"><div class=\"button__content\"><span class=\"button__text\">\u7acb\u5373\u64a5\u6253<\/span><\/div><\/a><\/div><\/div><\/div><\/div>\t\t\t\t<\/div>\n\t\t\t\t<\/div>\n\t\t\t\t<\/div>\n\t\t<div class=\"elementor-element elementor-element-4a430d7 e-con-full e-flex e-con e-child\" data-id=\"4a430d7\" data-element_type=\"container\" data-settings=\"{&quot;background_background&quot;:&quot;classic&quot;}\">\n\t\t\t\t<div class=\"elementor-element elementor-element-e4c90a5 button-space-around aleft elementor-widget-icon-box wgl-icon-box wgl-view-default elementor-widget elementor-widget-wgl-infobox\" data-id=\"e4c90a5\" data-element_type=\"widget\" data-widget_type=\"wgl-infobox.default\">\n\t\t\t\t<div class=\"elementor-widget-container\">\n\t\t\t\t\t<div class=\"wgl-infobox_bg_wrapper\"><\/div><div class=\"wgl-infobox\"><div class=\"wgl-infobox_wrapper wgl-layout-top\"><div class=\"wgl-infobox-media_wrapper\"><span class=\"media-wrapper icon-wrapper\"><span class=\"wgl-icon\" ><span class=\"icon elementor-icon\"><svg xmlns=\"http:\/\/www.w3.org\/2000\/svg\" width=\"16\" height=\"16\" fill=\"currentColor\" class=\"bi bi-geo-alt\" viewbox=\"0 0 16 16\"><path d=\"M12.166 8.94c-.524 1.062-1.234 2.12-1.96 3.07A32 32 0 0 1 8 14.58a32 32 0 0 1-2.206-2.57c-.726-.95-1.436-2.008-1.96-3.07C3.304 7.867 3 6.862 3 6a5 5 0 0 1 10 0c0 .862-.305 1.867-.834 2.94M8 16s6-5.686 6-10A6 6 0 0 0 2 6c0 4.314 6 10 6 10\"><\/path><path d=\"M8 8a2 2 0 1 1 0-4 2 2 0 0 1 0 4m0 1a3 3 0 1 0 0-6 3 3 0 0 0 0 6\"><\/path><\/svg><\/span><\/span><\/span><\/div><div class=\"content_wrapper\"><div class=\"wgl-infobox-title_wrapper\"><h3 class=\"wgl-infobox_title\"><span class=\"wgl-infobox_title-idle\"><span class=\"elementor-repeater-item-e873da1\">\u62dc\u8a2a\u6211\u5011<\/span><\/span><\/h3><\/div><div class=\"wgl-infobox-content_wrapper\"><div class=\"wgl-infobox-content\"><p><span data-metadata=\"&lt;!--(figmeta)eyJmaWxlS2V5IjoiSTFCSnlRRG84NkxOc3BtVzN5YjBtTCIsInBhc3RlSUQiOjEyNjIxNTc0MzksImRhdGFUeXBlIjoic2NlbmUifQo=(\/figmeta)--&gt;\"><\/span>Km 16.5 \u5f80 San Juan Sacatep\u00e9quez \u7684\u9ad8\u901f\u516c\u8def\u3001<br data-start=\"530\" data-end=\"533\" \/>Colonia Las Brisas, Zona 6 de Mixco\u3001<br data-start=\"569\" data-end=\"572\" \/>BodeMax, 9 \u865f\u548c 10 \u865f\u5009\u5eab<\/p><\/div><\/div><div class=\"wgl-button-wrapper\"><a href=\"tel:+502%202326%202000\" class=\"wgl-infobox_button wgl-button  no_media\"><div class=\"button__content\"><span class=\"button__text\">\u9810\u7d04\u53c3\u89c0<\/span><\/div><\/a><\/div><\/div><\/div><\/div>\t\t\t\t<\/div>\n\t\t\t\t<\/div>\n\t\t\t\t<\/div>\n\t\t\t\t\t<\/div>\n\t\t\t\t<\/div>\n\t\t<div class=\"elementor-element elementor-element-fa6c12b e-flex e-con-boxed e-con e-parent\" data-id=\"fa6c12b\" data-element_type=\"container\">\n\t\t\t\t\t<div class=\"e-con-inner\">\n\t\t<div class=\"elementor-element elementor-element-a69fa23 e-grid e-con-full e-con e-child\" data-id=\"a69fa23\" data-element_type=\"container\">\n\t\t<div class=\"elementor-element elementor-element-c9b60c5 e-con-full e-flex e-con e-child\" data-id=\"c9b60c5\" data-element_type=\"container\">\n\t\t<div class=\"elementor-element elementor-element-390998a e-con-full e-flex e-con e-child\" data-id=\"390998a\" data-element_type=\"container\" data-settings=\"{&quot;background_background&quot;:&quot;classic&quot;}\">\n\t\t\t\t<div class=\"elementor-element elementor-element-635ce92 aleft elementor-widget elementor-widget-wgl-double-heading\" data-id=\"635ce92\" data-element_type=\"widget\" data-widget_type=\"wgl-double-heading.default\">\n\t\t\t\t<div class=\"elementor-widget-container\">\n\t\t\t\t\t<div class=\"wgl-double-heading\"><div class=\"dblh__subtitle\">\u5beb\u4fe1\u7d66\u6211\u5011<\/div><h3 class=\"dblh__title-wrapper\"><span class=\"dblh__title dblh__title-1\"><span>\u8b93\u6211\u5011\u958b\u59cb\u5408\u4f5c\u3002\n<\/span><\/span><span class=\"dblh__title dblh__title-2\"><span> \u7acb\u5373\u806f\u7d61\u6211\u5011\u3002<\/span><\/span><\/h3><\/div>\t\t\t\t<\/div>\n\t\t\t\t<\/div>\n\t\t\t\t<div class=\"elementor-element elementor-element-dc942b0 elementor-widget elementor-widget-text-editor\" data-id=\"dc942b0\" data-element_type=\"widget\" data-widget_type=\"text-editor.default\">\n\t\t\t\t\t\t\t\t\t<p><strong>\u60a8\u7684\u96fb\u5b50\u90f5\u4ef6\u5730\u5740\u4e0d\u6703\u88ab\u516c\u958b\u3002<\/strong><br data-start=\"538\" data-end=\"541\" \/>\u5fc5\u586b\u6b04\u4f4d\u4ee5 * \u6a19\u793a\u3002<\/p>\t\t\t\t\t\t\t\t<\/div>\n\t\t\t\t<div class=\"elementor-element elementor-element-1272e94 aleft elementor-widget elementor-widget-wgl-contact-form-7\" data-id=\"1272e94\" data-element_type=\"widget\" data-widget_type=\"wgl-contact-form-7.default\">\n\t\t\t\t<div class=\"elementor-widget-container\">\n\t\t\t\t\t<div class=\"wgl-contact-form-7\">\n<div class=\"wpcf7 no-js\" id=\"wpcf7-f5744-o1\" lang=\"en-US\" dir=\"ltr\" data-wpcf7-id=\"5744\">\n<div class=\"screen-reader-response\"><p role=\"status\" aria-live=\"polite\" aria-atomic=\"true\"><\/p> <ul><\/ul><\/div>\n<form action=\"\/zh\/wp-json\/wp\/v2\/pages\/15#wpcf7-f5744-o1\" method=\"post\" class=\"wpcf7-form init\" aria-label=\"\u806f\u7d61\u8868\u55ae\" novalidate=\"novalidate\" data-status=\"init\" data-trp-original-action=\"\/zh\/wp-json\/wp\/v2\/pages\/15#wpcf7-f5744-o1\">\n<fieldset class=\"hidden-fields-container\"><input type=\"hidden\" name=\"_wpcf7\" value=\"5744\" \/><input type=\"hidden\" name=\"_wpcf7_version\" value=\"6.1.2\" \/><input type=\"hidden\" name=\"_wpcf7_locale\" value=\"en_US\" \/><input type=\"hidden\" name=\"_wpcf7_unit_tag\" value=\"wpcf7-f5744-o1\" \/><input type=\"hidden\" name=\"_wpcf7_container_post\" value=\"0\" \/><input type=\"hidden\" name=\"_wpcf7_posted_data_hash\" value=\"\" \/>\n<\/fieldset>\n<div class=\"wgl-wpcf7-wrapper\"><div class='row'>\n<div class='wgl_col-12'>\n<span class=\"wpcf7-form-control-wrap\" data-name=\"label-name\"><input size=\"40\" maxlength=\"400\" class=\"wpcf7-form-control wpcf7-text wpcf7-validates-as-required\" aria-required=\"true\" aria-invalid=\"false\" placeholder=\"\u60a8\u7684\u59d3\u540d\" value=\"\" type=\"text\" name=\"label-name\" \/><\/span>\n<\/div>\n<div class='wgl_col-12'>\n<span class=\"wpcf7-form-control-wrap\" data-name=\"label-email\"><input size=\"40\" maxlength=\"400\" class=\"wpcf7-form-control wpcf7-email wpcf7-validates-as-required wpcf7-text wpcf7-validates-as-email\" aria-required=\"true\" aria-invalid=\"false\" placeholder=\"\u60a8\u7684\u96fb\u5b50\u90f5\u4ef6\" value=\"\" type=\"email\" name=\"label-email\" \/><\/span>\n<\/div>\n<div class='wgl_col-12'>\n<span class=\"wpcf7-form-control-wrap\" data-name=\"label-website\"><input size=\"40\" maxlength=\"400\" class=\"wpcf7-form-control wpcf7-text\" aria-invalid=\"false\" placeholder=\"\u7db2\u7ad9\" value=\"\" type=\"text\" name=\"label-website\" \/><\/span>\n<\/div>\n<div class='wgl_col-12'>\n<span class=\"wpcf7-form-control-wrap\" data-name=\"label-textarea\"><textarea cols=\"40\" rows=\"10\" maxlength=\"2000\" class=\"wpcf7-form-control wpcf7-textarea\" aria-invalid=\"false\" placeholder=\"\u60a8\u7684\u610f\u898b\" name=\"label-textarea\"><\/textarea><\/span>\n<\/div>\n<div class='wgl_col-12'>\n<button  class=\"wpcf7-form-control wpcf7-submit has-spinner wgl-button wgl-wpcf7-button\" type=\"submit\"><span class=\"button__content\"><span>\u53d6\u5f97\u806f\u7e6b<\/span><\/span><\/button>\n<\/div>\n<\/div><\/div><div class=\"wpcf7-response-output\" aria-hidden=\"true\"><\/div>\n<input type=\"hidden\" name=\"trp-form-language\" value=\"zh\"\/><\/form>\n<\/div>\n<\/div>\t\t\t\t<\/div>\n\t\t\t\t<\/div>\n\t\t\t\t<\/div>\n\t\t\t\t<\/div>\n\t\t<div class=\"elementor-element elementor-element-2f550ce e-con-full e-flex e-con e-child\" data-id=\"2f550ce\" data-element_type=\"container\">\n\t\t\t\t<div class=\"elementor-element elementor-element-6bb774a elementor-widget elementor-widget-spacer\" data-id=\"6bb774a\" data-element_type=\"widget\" data-widget_type=\"spacer.default\">\n\t\t\t\t\t\t\t<div class=\"elementor-spacer\">\n\t\t\t<div class=\"elementor-spacer-inner\"><\/div>\n\t\t<\/div>\n\t\t\t\t\t\t<\/div>\n\t\t\t\t<div class=\"elementor-element elementor-element-bcfa200 elementor-widget elementor-widget-shortcode\" data-id=\"bcfa200\" data-element_type=\"widget\" data-widget_type=\"shortcode.default\">\n\t\t\t\t\t\t\t<div class=\"elementor-shortcode\"><div id=\"wpgmza_map\" class=\"wpgmza_map\" data-settings='{\"id\":\"1\",\"map_title\":\"Mi primer mapa\",\"map_width\":\"90\",\"map_height\":\"800\",\"map_start_lat\":\"14.509615335140722\",\"map_start_lng\":\"-90.91115528047366\",\"map_start_location\":\"45.950464398418106,-109.81550500000003\",\"map_start_zoom\":\"9\",\"default_marker\":\"\",\"type\":\"0\",\"alignment\":\"4\",\"directions_enabled\":\"0\",\"styling_enabled\":\"0\",\"styling_json\":\"\",\"active\":\"0\",\"kml\":\"\",\"bicycle\":\"0\",\"traffic\":\"0\",\"dbox\":\"0\",\"dbox_width\":\"\",\"listmarkers\":\"0\",\"listmarkers_advanced\":\"0\",\"filterbycat\":\"0\",\"ugm_enabled\":\"0\",\"ugm_category_enabled\":\"0\",\"fusion\":\"\",\"map_width_type\":\"%\",\"map_height_type\":\"px\",\"mass_marker_support\":\"0\",\"ugm_access\":\"0\",\"order_markers_by\":\"0\",\"order_markers_choice\":\"0\",\"show_user_location\":\"0\",\"default_to\":\"\",\"other_settings\":{\"map_type\":1,\"sl_stroke_color\":\"\",\"sl_fill_color\":\"\",\"sl_stroke_opacity\":\"\",\"sl_fill_opacity\":\"\",\"transport_layer\":false,\"action\":\"wpgmza_save_map\",\"redirect_to\":\"\\\/wp-admin\\\/admin-post.php\",\"map_id\":\"1\",\"http_referer\":\"\\\/wp-admin\\\/admin.php?page=wp-google-maps-menu&amp;amp;action=edit&amp;amp;map_id=1\",\"wpgmza_id\":\"1\",\"wpgmza_start_location\":\"14.509615335140722,-90.91115528047366\",\"wpgmza_start_zoom\":\"9\",\"store_locator_enabled\":false,\"store_locator_search_area\":\"radial\",\"wpgmza_store_locator_radius_style\":\"legacy\",\"wpgmza_store_locator_default_radius\":\"10\",\"store_locator_auto_area_max_zoom\":\"\",\"store_locator_distance\":false,\"wpgmza_store_locator_position\":false,\"store_locator_show_distance\":false,\"store_locator_category\":false,\"wpgmza_store_locator_use_their_location\":false,\"wpgmza_store_locator_bounce\":false,\"wpgmza_sl_animation\":null,\"wpgmza_store_locator_hide_before_search\":false,\"store_locator_query_string\":\"\",\"store_locator_location_placeholder\":\"\",\"store_locator_default_address\":\"\",\"store_locator_name_search\":false,\"store_locator_name_string\":\"\",\"store_locator_not_found_message\":\"\",\"wpgmza_map_align\":\"1\",\"jump_to_nearest_marker_on_initialization\":false,\"automatically_pan_to_users_location\":false,\"override_users_location_zoom_level\":false,\"override_users_location_zoom_levels\":\"\",\"show_distance_from_location\":false,\"map_max_zoom\":\"21\",\"map_min_zoom\":\"0\",\"click_open_link\":false,\"fit_maps_bounds_to_markers\":false,\"fit_maps_bounds_to_markers_after_filtering\":false,\"hide_point_of_interest\":false,\"wpgmza_zoom_on_marker_click\":false,\"wpgmza_zoom_on_marker_click_slider\":\"\",\"close_infowindow_on_map_click\":false,\"disable_lightbox_images\":false,\"use_Raw_Jpeg_Coordinates\":false,\"disable_polygon_info_windows\":false,\"enable_marker_ratings\":false,\"enable_marker_labels\":false,\"only_load_markers_within_viewport\":false,\"zoom_level_mobile_override_enabled\":false,\"zoom_level_mobile_override\":\"\",\"iw_primary_color\":\"#000000\",\"iw_accent_color\":\"#000000\",\"iw_text_color\":\"#000000\",\"wpgmza_listmarkers_by\":\"0\",\"wpgmza_marker_listing_position\":false,\"zoom_level_on_marker_listing_override\":false,\"zoom_level_on_marker_listing_click\":\"\",\"marker_listing_disable_zoom\":false,\"datatable_no_result_message\":\"\",\"remove_search_box_datables\":false,\"dataTable_pagination_style\":null,\"datatable_search_string\":\"\",\"datatable_result_start\":\"\",\"datatable_result_of\":\"\",\"datatable_result_to\":\"\",\"datatable_result_total\":\"\",\"datatable_result_show\":\"\",\"datatable_result_entries\":\"\",\"wpgmza_savemap\":\"Guardar Mapa \\u00bb\"}}' data-map-id='1' data-maps-engine='open-layers' data-shortcode-attributes='{\"id\":\"1\"}' style=\"display:block; overflow:auto; width:90%; height:800px; float:left;\"><\/div><\/div>\n\t\t\t\t\t\t<\/div>\n\t\t\t\t<\/div>\n\t\t\t\t<\/div>\n\t\t\t\t\t<\/div>\n\t\t\t\t<\/div>\n\t\t\t\t<\/div>","protected":false},"excerpt":{"rendered":"<p>Escr\u00edbenos: info@ropecorp.com Enviar correo Ll\u00e1manos: +502 2326 2000 Llamar ahora Vis\u00edtanos: Km 16.5 Carretera a San Juan Sacatep\u00e9quez,Colonia Las Brisas, Zona 6 de Mixco,BodeMax, Bodega 9 y 10 Agendar Visita ESCR\u00cdBENOS Comencemos a trabajar juntos. Cont\u00e1ctanos hoy. Tu direcci\u00f3n de correo electr\u00f3nico no ser\u00e1 publicada.Los campos obligatorios est\u00e1n marcados con * Get in Touch<\/p>","protected":false},"author":1,"featured_media":0,"parent":0,"menu_order":0,"comment_status":"closed","ping_status":"closed","template":"","meta":{"footnotes":""},"class_list":["post-15","page","type-page","status-publish","hentry"],"_hostinger_reach_plugin_has_subscription_block":false,"_hostinger_reach_plugin_is_elementor":false,"_links":{"self":[{"href":"https:\/\/ropecorp.com\/zh\/wp-json\/wp\/v2\/pages\/15","targetHints":{"allow":["GET"]}}],"collection":[{"href":"https:\/\/ropecorp.com\/zh\/wp-json\/wp\/v2\/pages"}],"about":[{"href":"https:\/\/ropecorp.com\/zh\/wp-json\/wp\/v2\/types\/page"}],"author":[{"embeddable":true,"href":"https:\/\/ropecorp.com\/zh\/wp-json\/wp\/v2\/users\/1"}],"replies":[{"embeddable":true,"href":"https:\/\/ropecorp.com\/zh\/wp-json\/wp\/v2\/comments?post=15"}],"version-history":[{"count":10,"href":"https:\/\/ropecorp.com\/zh\/wp-json\/wp\/v2\/pages\/15\/revisions"}],"predecessor-version":[{"id":6163,"href":"https:\/\/ropecorp.com\/zh\/wp-json\/wp\/v2\/pages\/15\/revisions\/6163"}],"wp:attachment":[{"href":"https:\/\/ropecorp.com\/zh\/wp-json\/wp\/v2\/media?parent=15"}],"curies":[{"name":"wp","href":"https:\/\/api.w.org\/{rel}","templated":true}]}}